{"id":2,"date":"2023-07-20T15:50:26","date_gmt":"2023-07-20T15:50:26","guid":{"rendered":"https:\/\/www.solektra.nl\/?page_id=2"},"modified":"2025-09-15T18:19:04","modified_gmt":"2025-09-15T18:19:04","slug":"sample-page","status":"publish","type":"page","link":"https:\/\/www.solektra.nl\/","title":{"rendered":"Solektra \u2013 Zonne- \u00e9n Airco-specialist voor platte en hellende daken"},"content":{"rendered":"\n<p><\/p>\n\n\n\n<p>Duurzame comfortenergie begint hier. Wij voorzien uw woning of bedrijf van de kracht van de zon \u00e9n van effici\u00ebnte airconditioning, met de hoogste standaard in service en klanttevredenheid.<\/p>\n\n\n\n<h2 class=\"wp-block-heading\">Waarom kiezen voor Solektra?<\/h2>\n\n\n\n<p><strong>Persoonlijk advies &amp; thuisbezoek<\/strong><br>Elk project is uniek. We komen bij u langs, luisteren naar uw wensen, inspecteren het dak en binnenruimte en maken een maatwerkontwerp voor uw zonne-installatie en\/of airco.<\/p>\n\n\n\n<p><strong>Zonnepanelen van topkwaliteit<\/strong><br>We werken uitsluitend met hoogwaardige panelen, omvormers en montagematerialen van gerenommeerde merken\u2014duurzaam, veilig en met strak rendement.<\/p>\n\n\n\n<p><strong>Airco: koelen \u00e9n verwarmen<\/strong><br>Van stille single-split tot krachtige multi-split systemen: onze energiezuinige airco\u2019s (A++\/A+++) zorgen het hele jaar door voor comfort. Perfect te combineren met uw zonnepanelen, zodat u (deels) koelt en verwarmt op eigen opgewekte stroom.<\/p>\n\n\n\n<p><strong>Vakkundige installatie &amp; nette afwerking<\/strong><br>Onze gecertificeerde monteurs leveren een veilige, strakke montage\u2014op plat of hellend dak en binnen netjes weggewerkt. Inclusief inbedrijfstelling, uitleg en optionele onderhoudsservice.<\/p>\n\n\n\n<p><strong>Duurzaam en voordelig<\/strong><br>Met Solektra verlaagt u uw CO\u2082-uitstoot \u00e9n energiekosten. Profiteer van schone zonne-energie en een effici\u00ebnt klimaatsysteem onder \u00e9\u00e9n dak.<\/p>\n\n\n\n<hr class=\"wp-block-separator has-alpha-channel-opacity\"\/>\n\n\n\n<p><strong>Benieuwd wat voor u het beste werkt?<\/strong><br>Neem contact op voor een vrijblijvend thuisbezoek en ontvang een heldere offerte op maat\u2014voor zonnepanelen, airco of de ideale combinatie.<\/p>\n","protected":false},"excerpt":{"rendered":"<p>Duurzame comfortenergie begint hier. Wij voorzien uw woning of bedrijf van de kracht van de zon \u00e9n van effici\u00ebnte airconditioning, met de hoogste standaard in service en klanttevredenheid. Waarom kiezen voor Solektra? Persoonlijk advies &amp; thuisbezoekElk project is uniek. We komen bij u langs, luisteren naar uw wensen, inspecteren het dak en binnenruimte en maken [&hellip;]<\/p>\n","protected":false},"author":1,"featured_media":8,"parent":0,"menu_order":0,"comment_status":"closed","ping_status":"open","template":"","meta":{"om_disable_all_campaigns":false,"_monsterinsights_skip_tracking":false,"_monsterinsights_sitenote_active":false,"_monsterinsights_sitenote_note":"","_monsterinsights_sitenote_category":0,"footnotes":""},"class_list":["post-2","page","type-page","status-publish","has-post-thumbnail","hentry"],"aioseo_notices":[],"_links":{"self":[{"href":"https:\/\/www.solektra.nl\/index.php\/wp-json\/wp\/v2\/pages\/2","targetHints":{"allow":["GET"]}}],"collection":[{"href":"https:\/\/www.solektra.nl\/index.php\/wp-json\/wp\/v2\/pages"}],"about":[{"href":"https:\/\/www.solektra.nl\/index.php\/wp-json\/wp\/v2\/types\/page"}],"author":[{"embeddable":true,"href":"https:\/\/www.solektra.nl\/index.php\/wp-json\/wp\/v2\/users\/1"}],"replies":[{"embeddable":true,"href":"https:\/\/www.solektra.nl\/index.php\/wp-json\/wp\/v2\/comments?post=2"}],"version-history":[{"count":12,"href":"https:\/\/www.solektra.nl\/index.php\/wp-json\/wp\/v2\/pages\/2\/revisions"}],"predecessor-version":[{"id":119,"href":"https:\/\/www.solektra.nl\/index.php\/wp-json\/wp\/v2\/pages\/2\/revisions\/119"}],"wp:featuredmedia":[{"embeddable":true,"href":"https:\/\/www.solektra.nl\/index.php\/wp-json\/wp\/v2\/media\/8"}],"wp:attachment":[{"href":"https:\/\/www.solektra.nl\/index.php\/wp-json\/wp\/v2\/media?parent=2"}],"curies":[{"name":"wp","href":"https:\/\/api.w.org\/{rel}","templated":true}]}}